{"id":10,"date":"2014-03-10T15:30:55","date_gmt":"2014-03-10T15:30:55","guid":{"rendered":"http:\/\/localhost\/domoconzept2_db\/?page_id=10"},"modified":"2015-07-18T15:43:43","modified_gmt":"2015-07-18T15:43:43","slug":"betriebskostenabrechnung","status":"publish","type":"page","link":"https:\/\/www.domoconzept.de\/?page_id=10","title":{"rendered":"Betriebskostenabrechnung"},"content":{"rendered":"<p style=\"text-align: justify;\"><span style=\"font-family: georgia,palatino; color: #333333;\"><strong>Die Erstellung von Betriebskostenabrechnungen<\/strong><\/span><\/p>\n<p style=\"text-align: justify;\">Neben der zum Standardangebot der Miet- und Wohnungseigentumsverwaltung geh\u00f6renden Erstellung von Nebenkosten- und Hausgeldabrechnungen bieten wir zus\u00e4tzlich auch den ausschlie\u00dflichen Abrechnungsservice an.<\/p>\n<p style=\"text-align: justify;\">M\u00f6chten Sie diese zeitintensive und aufgrund der st\u00e4ndig neuen Rechtssprechungen oft auch komplizierte Aufgabe in kompetente H\u00e4nde \u00fcbergeben, so sind Sie bei uns an der richtigen Adresse.<\/p>\n<p style=\"text-align: justify;\">Die Abrechnung erfolgt selbstverst\u00e4ndlich unter Ma\u00dfgabe der gesetzlichen Vorschriften (BGB, BetrKV und unter Ber\u00fccksichtigung der jeweils aktuellen Rechtssprechung) sowie den individuellen mietvertraglichen Vereinbarungen im Hinblick auf die Umlagef\u00e4higkeit und den Abrechnungsma\u00dfstab der einzelnen Betriebskostenarten.<\/p>\n<p style=\"text-align: justify;\">F\u00fcr die Abrechnungserstellung ben\u00f6tigen wir Ihrerseits lediglich folgende Unterlagen:<\/p>\n<blockquote>\n<ul style=\"text-align: justify;\">\n<li><em>Mieterliste inkl. Wohnfl\u00e4chen- und Geschossangaben, Ein- und Ausz\u00fcgen im Laufe des Abrechnungsjahres<\/em><\/li>\n<li><em>Liste der von den Mietern geleisteten Betriebskostenvorauszahlungen<\/em><\/li>\n<li><em>Einblick in die g\u00fcltigen Mietvertr\u00e4ge<\/em><\/li>\n<li><em>Abrechnungsbelege (Kopien aller Versorgerrechnungen)<\/em><\/li>\n<li><em>Heizkostenabrechnung (falls Zentralheizung vorhanden)<\/em><\/li>\n<li><em>m\u00f6glicherweise mit einzelnen Mietern individuell getroffene Vereinbarungen<\/em><\/li>\n<li><em>Kopie der f\u00fcr das Vorjahr erstellten Jahresabrechnung<\/em><\/li>\n<li><em>Information \u00fcber die Eigenschaft der \u00f6ffentlichen F\u00f6rderung (falls zutreffend)<\/em><\/li>\n<\/ul>\n<\/blockquote>\n<p style=\"text-align: justify;\">Gerne lassen wir auch die Heiz- und\/oder Wasserkostenabrechnung von unserem Partnerunternehmen, der Alphamess GmbH in Bochum, f\u00fcr Sie erstellen und integrieren diese Ergebnisse in die durch uns erstellte Betriebskostenabrechnung.<\/p>\n<p style=\"text-align: justify;\">Wir liefern Ihnen eine f\u00fcr Ihre Mieter \u00fcbersichtliche und verst\u00e4ndliche Abrechnung der im Abrechnungsjahr angefallenen Betriebskosten, stehen bei Bedarf auch Ihren Mietern f\u00fcr R\u00fcckfragen und Erl\u00e4uterungen zur Verf\u00fcgung und \u00fcbernehmen auf Wunsch die komplette Nachbearbeitung und Korrespondenz mit den Mietern und\/oder dem Mieterverein.<\/p>\n","protected":false},"excerpt":{"rendered":"<p>Die Erstellung von Betriebskostenabrechnungen Neben der zum Standardangebot der Miet- und Wohnungseigentumsverwaltung geh\u00f6renden Erstellung von Nebenkosten- und Hausgeldabrechnungen bieten wir zus\u00e4tzlich auch den ausschlie\u00dflichen Abrechnungsservice an. M\u00f6chten Sie diese zeitintensive &#8230;<\/p>\n","protected":false},"author":1,"featured_media":21,"parent":26,"menu_order":0,"comment_status":"closed","ping_status":"closed","template":"onecolumn-page.php","meta":[],"_links":{"self":[{"href":"https:\/\/www.domoconzept.de\/index.php?rest_route=\/wp\/v2\/pages\/10"}],"collection":[{"href":"https:\/\/www.domoconzept.de\/index.php?rest_route=\/wp\/v2\/pages"}],"about":[{"href":"https:\/\/www.domoconzept.de\/index.php?rest_route=\/wp\/v2\/types\/page"}],"author":[{"embeddable":true,"href":"https:\/\/www.domoconzept.de\/index.php?rest_route=\/wp\/v2\/users\/1"}],"replies":[{"embeddable":true,"href":"https:\/\/www.domoconzept.de\/index.php?rest_route=%2Fwp%2Fv2%2Fcomments&post=10"}],"version-history":[{"count":25,"href":"https:\/\/www.domoconzept.de\/index.php?rest_route=\/wp\/v2\/pages\/10\/revisions"}],"predecessor-version":[{"id":904,"href":"https:\/\/www.domoconzept.de\/index.php?rest_route=\/wp\/v2\/pages\/10\/revisions\/904"}],"up":[{"embeddable":true,"href":"https:\/\/www.domoconzept.de\/index.php?rest_route=\/wp\/v2\/pages\/26"}],"wp:featuredmedia":[{"embeddable":true,"href":"https:\/\/www.domoconzept.de\/index.php?rest_route=\/wp\/v2\/media\/21"}],"wp:attachment":[{"href":"https:\/\/www.domoconzept.de\/index.php?rest_route=%2Fwp%2Fv2%2Fmedia&parent=10"}],"curies":[{"name":"wp","href":"https:\/\/api.w.org\/{rel}","templated":true}]}}