{"id":20,"date":"2014-03-10T15:34:30","date_gmt":"2014-03-10T15:34:30","guid":{"rendered":"http:\/\/localhost\/domoconzept2_db\/?page_id=20"},"modified":"2014-03-27T14:52:11","modified_gmt":"2014-03-27T14:52:11","slug":"verkauf","status":"publish","type":"page","link":"https:\/\/www.domoconzept.de\/?page_id=20","title":{"rendered":"Verkauf"},"content":{"rendered":"<p style=\"text-align: justify;\">Der Verkauf einer Immobilie ist eine umfangreiche und zeitintensive Aufgabe, welche kaufm\u00e4nnisches Know-how und eine gro\u00dfe Portion verk\u00e4uferisches Talent voraussetzt. Gerne stehen wir Ihnen als professioneller und kompetenter Partner beratend zur Seite und unterst\u00fctzen Sie bei dem Verkauf Ihrer Immobilie.<\/p>\n<p style=\"text-align: justify;\">Wir sehen es als unsere Aufgabe an, Ihre Immobilie z\u00fcgig und vor allem zum besten Preis zu verkaufen. Im Zuge dessen zeigen wir Ihnen effektive Ma\u00dfnahmen auf und bieten Ihnen umfassende Marketinginstrumente an. Sie werden sp\u00fcrbar entlastet und dennoch stetig \u00fcber alles Wichtige von uns informiert.<\/p>\n<p style=\"text-align: justify;\">Zielgenaue Werbung f\u00fcr Ihre Immobilie f\u00fchrt zu schnellen Erfolgen. Die Immobiliensuche im Internet liegt im Trend. Da immer mehr Kunden die passende Immobilie online suchen, bewerben wir Ihre Immobilie auch mit einem Expos\u00e9 in gro\u00dfen und kleinen Immobilienportalen im Internet. Hier erreicht Ihr Objekt zahlreiche potenzielle Interessenten.<\/p>\n<p style=\"text-align: justify;\">Jeder Kunde wird bei uns individuell beraten und bei der Abwicklung des kompletten Verkaufsvorgangs beratend unterst\u00fctzt. So bieten wir Ihnen u.a. eine marktgerechte Bewertung Ihres Haus- und Grundbesitzes, erstellen f\u00fcr Ihre Immobilie ein ansprechendes und marktorientiertes Expose, suchen nach geeigneten Interessenten, f\u00fchren Besichtigungstermine durch, beraten Sie bei der Erledigung aller beh\u00f6rdlichen Angelegenheiten und begleiten Sie bis zum Abschluss des notariellen Kaufvertrages.<\/p>\n","protected":false},"excerpt":{"rendered":"<p>Der Verkauf einer Immobilie ist eine umfangreiche und zeitintensive Aufgabe, welche kaufm\u00e4nnisches Know-how und eine gro\u00dfe Portion verk\u00e4uferisches Talent voraussetzt. Gerne stehen wir Ihnen als professioneller und kompetenter Partner beratend &#8230;<\/p>\n","protected":false},"author":1,"featured_media":18,"parent":26,"menu_order":0,"comment_status":"closed","ping_status":"closed","template":"onecolumn-page.php","meta":[],"_links":{"self":[{"href":"https:\/\/www.domoconzept.de\/index.php?rest_route=\/wp\/v2\/pages\/20"}],"collection":[{"href":"https:\/\/www.domoconzept.de\/index.php?rest_route=\/wp\/v2\/pages"}],"about":[{"href":"https:\/\/www.domoconzept.de\/index.php?rest_route=\/wp\/v2\/types\/page"}],"author":[{"embeddable":true,"href":"https:\/\/www.domoconzept.de\/index.php?rest_route=\/wp\/v2\/users\/1"}],"replies":[{"embeddable":true,"href":"https:\/\/www.domoconzept.de\/index.php?rest_route=%2Fwp%2Fv2%2Fcomments&post=20"}],"version-history":[{"count":9,"href":"https:\/\/www.domoconzept.de\/index.php?rest_route=\/wp\/v2\/pages\/20\/revisions"}],"predecessor-version":[{"id":261,"href":"https:\/\/www.domoconzept.de\/index.php?rest_route=\/wp\/v2\/pages\/20\/revisions\/261"}],"up":[{"embeddable":true,"href":"https:\/\/www.domoconzept.de\/index.php?rest_route=\/wp\/v2\/pages\/26"}],"wp:featuredmedia":[{"embeddable":true,"href":"https:\/\/www.domoconzept.de\/index.php?rest_route=\/wp\/v2\/media\/18"}],"wp:attachment":[{"href":"https:\/\/www.domoconzept.de\/index.php?rest_route=%2Fwp%2Fv2%2Fmedia&parent=20"}],"curies":[{"name":"wp","href":"https:\/\/api.w.org\/{rel}","templated":true}]}}