{"id":26,"date":"2014-03-10T15:36:42","date_gmt":"2014-03-10T15:36:42","guid":{"rendered":"http:\/\/localhost\/domoconzept2_db\/?page_id=26"},"modified":"2020-03-19T13:46:42","modified_gmt":"2020-03-19T13:46:42","slug":"verwaltung-von-wohnungseigentum","status":"publish","type":"page","link":"https:\/\/www.domoconzept.de\/?page_id=26","title":{"rendered":"Leistungen"},"content":{"rendered":"<p style=\"text-align: justify;\">Im Rahmen der Wohnungseigentumsverwaltung (WEG-Verwaltung) sind wir Ihr kompetenter Ansprechpartner, wenn es um die Verwaltung von gemeinschaftlichem Eigentum nach dem Wohnungseigentumsgesetz geht. Zudem stellen wir ein wichtiges rechtliches Organ in Ihrer WEG dar. Bei uns k\u00f6nnen Sie eine ordnungsgem\u00e4\u00dfe, fachkompetente und stets p\u00fcnktliche Betreuung Ihrer Immobilie auf Basis der gesetzlichen Vorgaben sowie der Teilungserkl\u00e4rung und Gemeinschaftsordnung voraussetzen!<\/p>\n<p style=\"text-align: justify;\">Immer wieder werden wir gefragt, was genau eigentlich der WEG-Verwalter f\u00fcr sein Geld macht. Hierzu ist nat\u00fcrlich anzumerken, dass diesbez\u00fcglich von Kunden bzw. Eigent\u00fcmern zwangsl\u00e4ufig nicht all unsere T\u00e4tigkeiten wahrgenommen werden. Daher m\u00f6chten wir im Folgenden gerne die Aufgaben und T\u00e4tigkeiten eines WEG-Verwalters in 3 Abschnitte unterteilen. Im ersten stehen die Dinge und Aufgaben, die alle Eigent\u00fcmer wahrnehmen k\u00f6nnen, im zweiten Abschnitt sind zus\u00e4tzliche T\u00e4tigkeiten aufgef\u00fchrt, von welchen in der Regel der Verwaltungsbeirat Kenntnis erlangt. Im dritten und letzten Abschnitt erfahren Sie all die T\u00e4tigkeiten, die wir durchf\u00fchren, welche ein Eigent\u00fcmer nicht mitbekommt, ohne welche eine ordentliche WEG-Verwaltung aber auch nicht funktionieren w\u00fcrde.<\/p>\n<p style=\"text-align: justify;\">Diese 3 Abschnitte sind auch als \u201ePyramide der WEG-Verwaltung\u201c bekannt:<\/p>\n<p style=\"text-align: justify;\"><a href=\"http:\/\/www.domoconzept.de\/wp-content\/uploads\/2014\/03\/Pyramide.jpg\" rel=\"attachment wp-att-30\"><img loading=\"lazy\" class=\"aligncenter  wp-image-30\" title=\"Pyramide\" src=\"http:\/\/www.domoconzept.de\/wp-content\/uploads\/2014\/03\/Pyramide-300x269.jpg\" alt=\"\" width=\"514\" height=\"461\" srcset=\"https:\/\/www.domoconzept.de\/wp-content\/uploads\/2014\/03\/Pyramide-300x269.jpg 300w, https:\/\/www.domoconzept.de\/wp-content\/uploads\/2014\/03\/Pyramide.jpg 798w\" sizes=\"(max-width: 514px) 100vw, 514px\" \/><\/a><\/p>\n<p style=\"text-align: justify;\">\n","protected":false},"excerpt":{"rendered":"<p>Im Rahmen der Wohnungseigentumsverwaltung (WEG-Verwaltung) sind wir Ihr kompetenter Ansprechpartner, wenn es um die Verwaltung von gemeinschaftlichem Eigentum nach dem Wohnungseigentumsgesetz geht. Zudem stellen wir ein wichtiges rechtliches Organ in &#8230;<\/p>\n","protected":false},"author":1,"featured_media":5,"parent":0,"menu_order":1,"comment_status":"closed","ping_status":"closed","template":"","meta":[],"_links":{"self":[{"href":"https:\/\/www.domoconzept.de\/index.php?rest_route=\/wp\/v2\/pages\/26"}],"collection":[{"href":"https:\/\/www.domoconzept.de\/index.php?rest_route=\/wp\/v2\/pages"}],"about":[{"href":"https:\/\/www.domoconzept.de\/index.php?rest_route=\/wp\/v2\/types\/page"}],"author":[{"embeddable":true,"href":"https:\/\/www.domoconzept.de\/index.php?rest_route=\/wp\/v2\/users\/1"}],"replies":[{"embeddable":true,"href":"https:\/\/www.domoconzept.de\/index.php?rest_route=%2Fwp%2Fv2%2Fcomments&post=26"}],"version-history":[{"count":19,"href":"https:\/\/www.domoconzept.de\/index.php?rest_route=\/wp\/v2\/pages\/26\/revisions"}],"predecessor-version":[{"id":954,"href":"https:\/\/www.domoconzept.de\/index.php?rest_route=\/wp\/v2\/pages\/26\/revisions\/954"}],"wp:featuredmedia":[{"embeddable":true,"href":"https:\/\/www.domoconzept.de\/index.php?rest_route=\/wp\/v2\/media\/5"}],"wp:attachment":[{"href":"https:\/\/www.domoconzept.de\/index.php?rest_route=%2Fwp%2Fv2%2Fmedia&parent=26"}],"curies":[{"name":"wp","href":"https:\/\/api.w.org\/{rel}","templated":true}]}}