{"id":275,"date":"2014-03-20T09:26:33","date_gmt":"2014-03-20T09:26:33","guid":{"rendered":"http:\/\/www.domoconzept.de\/?page_id=275"},"modified":"2014-03-27T15:40:01","modified_gmt":"2014-03-27T15:40:01","slug":"hausratversicherung","status":"publish","type":"page","link":"https:\/\/www.domoconzept.de\/?page_id=275","title":{"rendered":"Hausratversicherung"},"content":{"rendered":"<p style=\"text-align: justify;\">In den bei uns abgeschlossenen Mietvertr\u00e4gen weisen wir grunds\u00e4tzlich auf das dringende Erfordernis zum Abschluss einer Hausratversicherung f\u00fcr angemietete Wohnungen hin.<\/p>\n<p style=\"text-align: justify;\">Da die Hausratversicherung s\u00e4mtliche Einrichtungs-, Gebrauchs- und Verbrauchsgegenst\u00e4nde eines Haushaltes gegen Feuer, Leitungswasser, Sturm, Hagel, Einbruchdiebstahl, Raub und Vandalismus sch\u00fctzt und die Versicherungsgesellschaften \u00fcblicherweise die Kosten zum Wiederbeschaffungswert ersetzen, raten wir unbedingt zum Abschluss einer solchen Versicherung.<\/p>\n<p style=\"text-align: justify;\">Das Eigentum des Versicherungsnehmers in Bezug auf den im Versicherungsschein aufgef\u00fchrten Ort der Versicherung\u00a0 (in diesem Fall die von Ihnen angemietete Wohnung) wird dadurch bei Zerst\u00f6rung, Besch\u00e4digung oder Abhandenkommen abgedeckt. In der Regel fallen auch Terrassen, Balkone, Loggien sowie auch gemeinschaftlich genutzte R\u00e4ume unter den Versicherungsschutz.<\/p>\n<p style=\"text-align: justify;\">Detaillierte Informationen und Erl\u00e4uterungen zu den versicherten Gefahren, der Art der versicherten Kosten und m\u00f6glichen Erweiterungen des Versicherungsumfangs erfragen Sie bitte direkt bei den jeweiligen Versicherungsgesellschaften.<\/p>\n","protected":false},"excerpt":{"rendered":"<p>In den bei uns abgeschlossenen Mietvertr\u00e4gen weisen wir grunds\u00e4tzlich auf das dringende Erfordernis zum Abschluss einer Hausratversicherung f\u00fcr angemietete Wohnungen hin. Da die Hausratversicherung s\u00e4mtliche Einrichtungs-, Gebrauchs- und Verbrauchsgegenst\u00e4nde eines &#8230;<\/p>\n","protected":false},"author":1,"featured_media":107,"parent":244,"menu_order":0,"comment_status":"closed","ping_status":"closed","template":"onecolumn-page.php","meta":[],"_links":{"self":[{"href":"https:\/\/www.domoconzept.de\/index.php?rest_route=\/wp\/v2\/pages\/275"}],"collection":[{"href":"https:\/\/www.domoconzept.de\/index.php?rest_route=\/wp\/v2\/pages"}],"about":[{"href":"https:\/\/www.domoconzept.de\/index.php?rest_route=\/wp\/v2\/types\/page"}],"author":[{"embeddable":true,"href":"https:\/\/www.domoconzept.de\/index.php?rest_route=\/wp\/v2\/users\/1"}],"replies":[{"embeddable":true,"href":"https:\/\/www.domoconzept.de\/index.php?rest_route=%2Fwp%2Fv2%2Fcomments&post=275"}],"version-history":[{"count":4,"href":"https:\/\/www.domoconzept.de\/index.php?rest_route=\/wp\/v2\/pages\/275\/revisions"}],"predecessor-version":[{"id":783,"href":"https:\/\/www.domoconzept.de\/index.php?rest_route=\/wp\/v2\/pages\/275\/revisions\/783"}],"up":[{"embeddable":true,"href":"https:\/\/www.domoconzept.de\/index.php?rest_route=\/wp\/v2\/pages\/244"}],"wp:featuredmedia":[{"embeddable":true,"href":"https:\/\/www.domoconzept.de\/index.php?rest_route=\/wp\/v2\/media\/107"}],"wp:attachment":[{"href":"https:\/\/www.domoconzept.de\/index.php?rest_route=%2Fwp%2Fv2%2Fmedia&parent=275"}],"curies":[{"name":"wp","href":"https:\/\/api.w.org\/{rel}","templated":true}]}}