{"id":281,"date":"2014-03-20T09:27:38","date_gmt":"2014-03-20T09:27:38","guid":{"rendered":"http:\/\/www.domoconzept.de\/?page_id=281"},"modified":"2014-03-27T15:00:40","modified_gmt":"2014-03-27T15:00:40","slug":"larm-und-hausordnung","status":"publish","type":"page","link":"https:\/\/www.domoconzept.de\/?page_id=281","title":{"rendered":"L\u00e4rm und Hausordnung"},"content":{"rendered":"<p style=\"text-align: justify;\"><strong><span style=\"font-family: georgia,palatino; font-size: medium;\">L\u00e4rm, St\u00f6rungen und Einhalten der Hausordnung<\/span><\/strong><\/p>\n<p style=\"text-align: justify;\">Eine gut funktionierende Hausgemeinschaft ist wohl der gemeinsame Wunsch von Mietern und Eigent\u00fcmern. Es liegt selbstverst\u00e4ndlich auch in unserem Interesse, dass Sie sich in Ihrem Wohnumfeld wohlf\u00fchlen. Dazu ist gegenseitige R\u00fccksichtnahme und Respekt aller Mieter untereinander dringend erforderlich. Nat\u00fcrlich kann es aber auch mal zu negativen Ber\u00fchrungspunkten kommen, wenn viele Menschen unter einem Dach zusammenleben.<\/p>\n<p style=\"text-align: justify;\">Sollten Sie sich als Mieter also durch einen anderen Mieter gest\u00f6rt f\u00fchlen, so bitten wir Sie im Interesse der Mietergemeinschaft, diese Person zun\u00e4chst direkt auf die St\u00f6rung anzusprechen und h\u00f6flich um gegenseitige R\u00fccksichtnahme zu bitten. In erster Linie ist es uns wichtig, dass kleinere Unannehmlichkeiten verst\u00e4ndnisvoll untereinander geregelt werden.<\/p>\n<p style=\"text-align: justify;\">F\u00fcr den Fall, dass allerdings durch Ihren Nachbarn kein Verst\u00e4ndnis f\u00fcr Ihr Anliegen entwickelt wird, so bitten wir um schriftliche Meldung der St\u00f6rung oder des Versto\u00dfes gegen die Hausordnung unter Angabe von Namen und Anschrift des Verursachers sowie Datum und Uhrzeit.<\/p>\n<p style=\"text-align: justify;\">Was die Einhaltung der Hausordnung betrifft, so sind wir unbedingt auf Ihre Mithilfe angewiesen. Da wir selbstverst\u00e4ndlich nicht 24 Stunden am Tag vor Ort sein k\u00f6nnen, k\u00f6nnen wir nur t\u00e4tig und, falls erforderlich, Abmahnungen aussprechen, wenn man uns von etwaigen St\u00f6rungen des Hausfriedens in Kenntnis setzt.<\/p>\n<p style=\"text-align: justify;\">Wenn Sie sich nicht ganz sicher sind, welche Vereinbarungen gem\u00e4\u00df Hausordnung in dem von Ihnen bewohnten Objekt gelten, so verweisen wir Sie einerseits auf die Hausordnung im Anhang Ihres Mietvertrages, andererseits k\u00f6nnen Sie nat\u00fcrlich auch die <strong><em>aktuelle Fassung der Hausordnung<\/em><\/strong> hier <a title=\"Hausordnung\" href=\"http:\/\/www.domoconzept.de\/?page_id=359\">anklicken<\/a>.<\/p>\n","protected":false},"excerpt":{"rendered":"<p>L\u00e4rm, St\u00f6rungen und Einhalten der Hausordnung Eine gut funktionierende Hausgemeinschaft ist wohl der gemeinsame Wunsch von Mietern und Eigent\u00fcmern. Es liegt selbstverst\u00e4ndlich auch in unserem Interesse, dass Sie sich in &#8230;<\/p>\n","protected":false},"author":1,"featured_media":21,"parent":244,"menu_order":0,"comment_status":"closed","ping_status":"closed","template":"onecolumn-page.php","meta":[],"_links":{"self":[{"href":"https:\/\/www.domoconzept.de\/index.php?rest_route=\/wp\/v2\/pages\/281"}],"collection":[{"href":"https:\/\/www.domoconzept.de\/index.php?rest_route=\/wp\/v2\/pages"}],"about":[{"href":"https:\/\/www.domoconzept.de\/index.php?rest_route=\/wp\/v2\/types\/page"}],"author":[{"embeddable":true,"href":"https:\/\/www.domoconzept.de\/index.php?rest_route=\/wp\/v2\/users\/1"}],"replies":[{"embeddable":true,"href":"https:\/\/www.domoconzept.de\/index.php?rest_route=%2Fwp%2Fv2%2Fcomments&post=281"}],"version-history":[{"count":7,"href":"https:\/\/www.domoconzept.de\/index.php?rest_route=\/wp\/v2\/pages\/281\/revisions"}],"predecessor-version":[{"id":785,"href":"https:\/\/www.domoconzept.de\/index.php?rest_route=\/wp\/v2\/pages\/281\/revisions\/785"}],"up":[{"embeddable":true,"href":"https:\/\/www.domoconzept.de\/index.php?rest_route=\/wp\/v2\/pages\/244"}],"wp:featuredmedia":[{"embeddable":true,"href":"https:\/\/www.domoconzept.de\/index.php?rest_route=\/wp\/v2\/media\/21"}],"wp:attachment":[{"href":"https:\/\/www.domoconzept.de\/index.php?rest_route=%2Fwp%2Fv2%2Fmedia&parent=281"}],"curies":[{"name":"wp","href":"https:\/\/api.w.org\/{rel}","templated":true}]}}