{"id":4,"date":"2014-03-10T15:25:25","date_gmt":"2014-03-10T15:25:25","guid":{"rendered":"http:\/\/localhost\/domoconzept2_db\/?page_id=4"},"modified":"2023-01-05T17:49:11","modified_gmt":"2023-01-05T16:49:11","slug":"willkommen","status":"publish","type":"page","link":"https:\/\/www.domoconzept.de\/","title":{"rendered":"Willkommen"},"content":{"rendered":"<p style=\"text-align: justify;\"><span style=\"color: #150e5c;\"><strong>Willkommen<\/strong><\/span> auf der Homepage der Domoconzept Immobilien und Verwaltung GmbH &amp; Co. KG. Wir freuen uns \u00fcber Ihren Besuch und hoffen, Ihr weitergehendes Interesse an unserem Service wecken zu k\u00f6nnen.<\/p>\n<p style=\"text-align: justify;\">Bei uns erwartet Sie ein durchorganisiertes und kompetentes Team aus Immobilienkaufleuten, die den einzelnen Objekten fest zugeordnet sind. Als Bindeglied zwischen Mieter und Eigent\u00fcmer leisten wir einen umfassenden und kompetenten Service rund um die Immobilie.<\/p>\n<p style=\"text-align: justify;\">Seit der Gesch\u00e4ftsgr\u00fcndung im Jahre 1999 ist unser Verwaltungsbestand stetig gewachsen. Unter den Objekten, die heute von uns bundesweit verwaltet werden, gibt es sowohl H\u00e4user mit nur 2 oder 3 Einheiten als auch Objekte mit mehr als 400 Einheiten \u2013 unsere Bandbreite erstreckt sich von Mehrfamilienh\u00e4usern \u00fcber sozialen Wohnungsbau und Eigent\u00fcmergemeinschaften bis hin zu gewerblichen Objekten.<\/p>\n<p style=\"text-align: justify;\">Eine individuelle Betreuung, die auf die Anforderungen der einzelnen Immobilie und die W\u00fcnsche des einzelnen Kunden zugeschnitten ist, hat f\u00fcr uns oberste Priorit\u00e4t.<\/p>\n<p style=\"text-align: justify;\">Zu den von uns angebotenen Leistungen z\u00e4hlen insbesondere die folgenden Bereiche des so umfangreichen Immobiliensektors:<\/p>\n<blockquote>\n<ul>\n<li><strong><em>Wohnungseigentumsverwaltung<\/em><\/strong><\/li>\n<li><strong><em>Miet-\/Hausverwaltung<\/em><\/strong><\/li>\n<li><strong><em>Betriebskostenabrechnung<\/em><\/strong><\/li>\n<li><strong><em>Vermietung<\/em><\/strong><\/li>\n<li><strong><em>Verkauf<\/em><\/strong><\/li>\n<\/ul>\n<\/blockquote>\n<p style=\"text-align: justify;\">Ausf\u00fchrliche Erl\u00e4uterungen zu den einzelnen Bereichen und vieles mehr erfahren Sie beim \u201eDurchbl\u00e4ttern\u201c unserer Internetseite.<\/p>\n<p style=\"text-align: justify;\">Sprechen Sie uns einfach an, gerne stellen wir uns Ihnen auch pers\u00f6nlich vor.<\/p>\n<p style=\"text-align: justify;\">\n","protected":false},"excerpt":{"rendered":"<p>Willkommen auf der Homepage der Domoconzept Immobilien und Verwaltung GmbH &amp; Co. KG. Wir freuen uns \u00fcber Ihren Besuch und hoffen, Ihr weitergehendes Interesse an unserem Service wecken zu k\u00f6nnen. &#8230;<\/p>\n","protected":false},"author":1,"featured_media":951,"parent":0,"menu_order":0,"comment_status":"closed","ping_status":"closed","template":"","meta":[],"_links":{"self":[{"href":"https:\/\/www.domoconzept.de\/index.php?rest_route=\/wp\/v2\/pages\/4"}],"collection":[{"href":"https:\/\/www.domoconzept.de\/index.php?rest_route=\/wp\/v2\/pages"}],"about":[{"href":"https:\/\/www.domoconzept.de\/index.php?rest_route=\/wp\/v2\/types\/page"}],"author":[{"embeddable":true,"href":"https:\/\/www.domoconzept.de\/index.php?rest_route=\/wp\/v2\/users\/1"}],"replies":[{"embeddable":true,"href":"https:\/\/www.domoconzept.de\/index.php?rest_route=%2Fwp%2Fv2%2Fcomments&post=4"}],"version-history":[{"count":29,"href":"https:\/\/www.domoconzept.de\/index.php?rest_route=\/wp\/v2\/pages\/4\/revisions"}],"predecessor-version":[{"id":1114,"href":"https:\/\/www.domoconzept.de\/index.php?rest_route=\/wp\/v2\/pages\/4\/revisions\/1114"}],"wp:featuredmedia":[{"embeddable":true,"href":"https:\/\/www.domoconzept.de\/index.php?rest_route=\/wp\/v2\/media\/951"}],"wp:attachment":[{"href":"https:\/\/www.domoconzept.de\/index.php?rest_route=%2Fwp%2Fv2%2Fmedia&parent=4"}],"curies":[{"name":"wp","href":"https:\/\/api.w.org\/{rel}","templated":true}]}}